{"id":333,"date":"2021-02-20T19:29:48","date_gmt":"2021-02-20T18:29:48","guid":{"rendered":"https:\/\/www.p-l-c.eu\/translations\/"},"modified":"2022-09-07T10:16:05","modified_gmt":"2022-09-07T08:16:05","slug":"translations","status":"publish","type":"page","link":"https:\/\/www.p-l-c.eu\/en\/translations\/","title":{"rendered":"Translations"},"content":{"rendered":"\n[et_pb_section fb_built=&#8221;1&#8243; admin_label=&#8221;Hero&#8221; _builder_version=&#8221;4.14.7&#8243; background_image=&#8221;https:\/\/www.p-l-c.eu\/wp-content\/uploads\/2021\/02\/plc-bg-image.jpg&#8221; min_height=&#8221;250px&#8221; height=&#8221;160px&#8221; custom_padding=&#8221;67px|||||&#8221; animation_style=&#8221;zoom&#8221; animation_intensity_zoom=&#8221;4%&#8221; global_colors_info=&#8221;{}&#8221;][et_pb_row _builder_version=&#8221;3.25&#8243; background_size=&#8221;initial&#8221; background_position=&#8221;top_left&#8221; background_repeat=&#8221;repeat&#8221; custom_padding=&#8221;|||&#8221; animation_style=&#8221;slide&#8221; animation_direction=&#8221;top&#8221; animation_intensity_slide=&#8221;3%&#8221; global_colors_info=&#8221;{}&#8221;][et_pb_column type=&#8221;4_4&#8243; _builder_version=&#8221;3.25&#8243; custom_padding=&#8221;|||&#8221; global_colors_info=&#8221;{}&#8221; custom_padding__hover=&#8221;|||&#8221;][et_pb_text _builder_version=&#8221;4.9.0&#8243; text_font=&#8221;||||||||&#8221; header_font=&#8221;Montserrat|700||on|||||dotted&#8221; header_text_color=&#8221;#353740&#8243; header_font_size=&#8221;60px&#8221; header_line_height=&#8221;1.3em&#8221; background_size=&#8221;initial&#8221; background_position=&#8221;top_left&#8221; background_repeat=&#8221;repeat&#8221; custom_margin=&#8221;|||&#8221; animation_style=&#8221;fade&#8221; header_font_size_last_edited=&#8221;off|desktop&#8221; locked=&#8221;off&#8221; global_colors_info=&#8221;{}&#8221;]<h1><span style=\"color: #ffffff;\"><strong>Translations<\/strong><\/span><\/h1>[\/et_pb_text][et_pb_divider show_divider=&#8221;off&#8221; disabled_on=&#8221;on|on|off%22&#8243; _builder_version=&#8221;3.2&#8243; max_width=&#8221;120px&#8221; animation_style=&#8221;slide&#8221; animation_direction=&#8221;top&#8221; animation_intensity_slide=&#8221;30%&#8221; global_colors_info=&#8221;{}&#8221;][\/et_pb_divider][\/et_pb_column][\/et_pb_row][\/et_pb_section][et_pb_section fb_built=&#8221;1&#8243; admin_label=&#8221;Projects Section&#8221; _builder_version=&#8221;3.22&#8243; custom_margin=&#8221;|||&#8221; custom_padding=&#8221;110px||110px|&#8221; global_colors_info=&#8221;{}&#8221;][et_pb_row admin_label=&#8221;Project 02&#8243; _builder_version=&#8221;4.9.0&#8243; background_size=&#8221;initial&#8221; background_position=&#8221;top_left&#8221; background_repeat=&#8221;repeat&#8221; custom_margin=&#8221;||||false|false&#8221; custom_padding=&#8221;9px|||||&#8221; global_colors_info=&#8221;{}&#8221;][et_pb_column type=&#8221;4_4&#8243; _builder_version=&#8221;4.9.0&#8243; custom_padding=&#8221;5%||5%|&#8221; global_colors_info=&#8221;{}&#8221; custom_padding__hover=&#8221;|||&#8221;][et_pb_cta button_url=&#8221;#&#8221; _builder_version=&#8221;4.14.7&#8243; header_font=&#8221;Montserrat|700|||||||&#8221; header_text_color=&#8221;#0F46C6&#8243; header_line_height=&#8221;1.5em&#8221; body_font=&#8221;Montserrat||||||||&#8221; body_text_color=&#8221;#747d88&#8243; body_font_size=&#8221;18px&#8221; body_line_height=&#8221;1.8em&#8221; use_background_color=&#8221;off&#8221; background_size=&#8221;initial&#8221; background_position=&#8221;top_left&#8221; background_repeat=&#8221;repeat&#8221; custom_button=&#8221;on&#8221; button_text_color=&#8221;#747d88&#8243; button_border_width=&#8221;4px&#8221; button_border_color=&#8221;#747d88&#8243; button_border_radius=&#8221;100px&#8221; button_letter_spacing=&#8221;2px&#8221; button_font=&#8221;Montserrat|700||on|||||&#8221; button_icon=&#8221;&#x45;||divi||400&#8243; button_icon_color=&#8221;#747d88&#8243; text_orientation=&#8221;left&#8221; background_layout=&#8221;light&#8221; min_height=&#8221;292px&#8221; custom_padding=&#8221;2px||||false|false&#8221; animation_style=&#8221;slide&#8221; animation_direction=&#8221;top&#8221; animation_intensity_slide=&#8221;6%&#8221; button_bg_color_hover=&#8221;rgba(0,0,0,0)&#8221; locked=&#8221;off&#8221; global_colors_info=&#8221;{}&#8221; button_text_size__hover_enabled=&#8221;off&#8221; button_one_text_size__hover_enabled=&#8221;off&#8221; button_two_text_size__hover_enabled=&#8221;off&#8221; button_text_color__hover_enabled=&#8221;off&#8221; button_one_text_color__hover_enabled=&#8221;off&#8221; button_two_text_color__hover_enabled=&#8221;off&#8221; button_border_width__hover_enabled=&#8221;off&#8221; button_one_border_width__hover_enabled=&#8221;off&#8221; button_two_border_width__hover_enabled=&#8221;off&#8221; button_border_color__hover_enabled=&#8221;off&#8221; button_one_border_color__hover_enabled=&#8221;off&#8221; button_two_border_color__hover_enabled=&#8221;off&#8221; button_border_radius__hover_enabled=&#8221;off&#8221; button_one_border_radius__hover_enabled=&#8221;off&#8221; button_two_border_radius__hover_enabled=&#8221;off&#8221; button_letter_spacing__hover_enabled=&#8221;off&#8221; button_one_letter_spacing__hover_enabled=&#8221;off&#8221; button_two_letter_spacing__hover_enabled=&#8221;off&#8221; button_bg_color__hover_enabled=&#8221;on&#8221; button_bg_color__hover=&#8221;rgba(0,0,0,0)&#8221; button_one_bg_color__hover_enabled=&#8221;off&#8221; button_two_bg_color__hover_enabled=&#8221;off&#8221;]<p><span style=\"color: #000000;\">International agierende Kunden in deutschsprachigen L\u00e4ndern nutzen f\u00fcr spezielle Bedarfe und Fachtexte unsere professionellen \u00dcbersetzungsdienste in den Sprachen Deutsch-Englisch, Englisch-Deutsch. \u00a0<\/span><\/p>\n<p><span style=\"color: #000000;\">Wir bieten auch Unterst\u00fctzung dabei, die gew\u00fcnschten Texte, Artikel, Reden, Berichte und Folien direkt in englischer Sprache und zielgruppenorientiert zu erstellen. Dies rundet unser Service-Portfolio f\u00fcr deutschsprachige Kunden ab.<\/span><\/p>\n<p><span style=\"color: #000000;\">Dabei gehen wir unserem \u00dcbersetzungshandwerk mit Leidenschaft nach. F\u00fcr uns geht es bei anspruchsvollen Gesch\u00e4fts- und Fachtexten nicht nur um die richtige Fachterminologie. Den Unterschied machen das entsprechende Fach- und Hintergrundwissen sowie cross-kulturelle Erfahrung in Hinblick auf Ton und Stil von Botschaften. <\/span><\/p>\n<p><span style=\"color: #000000;\">Unsere Kunden k\u00f6nnen sich dabei stets auf unsere Erfahrung und unseren Rat verlassen.<\/span><\/p>\n<p><span style=\"color: #000000;\">Besondere \u00dcbersetzungsexpertise bieten wir in den Bereichen:<\/span><\/p>\n<ul>\n<li><span style=\"color: #000000;\">Unternehmens- und Strategiepr\u00e4sentationen<\/span><\/li>\n<li><span style=\"color: #000000;\">Gesch\u00e4fts- und Finanzberichte<\/span><\/li>\n<li><span style=\"color: #000000;\">Fachver\u00f6ffentlichungen, Artikel, Vortr\u00e4ge, Pr\u00e4sentationen zu allen Themen rund um Einkauf, Supply Management, Logistik, Supply Chain Management<\/span><\/li>\n<li><span style=\"color: #000000;\">Einkaufsvertr\u00e4ge<\/span><\/li>\n<\/ul>[\/et_pb_cta][\/et_pb_column][\/et_pb_row][\/et_pb_section]\n","protected":false},"excerpt":{"rendered":"<p>TranslationsInternational agierende Kunden in deutschsprachigen L\u00e4ndern nutzen f\u00fcr spezielle Bedarfe und Fachtexte unsere professionellen \u00dcbersetzungsdienste in den Sprachen Deutsch-Englisch, Englisch-Deutsch. \u00a0 Wir bieten auch Unterst\u00fctzung dabei, die gew\u00fcnschten Texte, Artikel, Reden, Berichte und Folien direkt in englischer Sprache und zielgruppenorientiert zu erstellen. Dies rundet unser Service-Portfolio f\u00fcr deutschsprachige Kunden ab. Dabei gehen wir unserem \u00dcbersetzungshandwerk [&hellip;]<\/p>\n","protected":false},"author":4,"featured_media":0,"parent":0,"menu_order":0,"comment_status":"closed","ping_status":"closed","template":"","meta":{"_et_pb_use_builder":"on","_et_pb_old_content":"","_et_gb_content_width":"","footnotes":""},"class_list":["post-333","page","type-page","status-publish","hentry"],"_links":{"self":[{"href":"https:\/\/www.p-l-c.eu\/en\/wp-json\/wp\/v2\/pages\/333","targetHints":{"allow":["GET"]}}],"collection":[{"href":"https:\/\/www.p-l-c.eu\/en\/wp-json\/wp\/v2\/pages"}],"about":[{"href":"https:\/\/www.p-l-c.eu\/en\/wp-json\/wp\/v2\/types\/page"}],"author":[{"embeddable":true,"href":"https:\/\/www.p-l-c.eu\/en\/wp-json\/wp\/v2\/users\/4"}],"replies":[{"embeddable":true,"href":"https:\/\/www.p-l-c.eu\/en\/wp-json\/wp\/v2\/comments?post=333"}],"version-history":[{"count":23,"href":"https:\/\/www.p-l-c.eu\/en\/wp-json\/wp\/v2\/pages\/333\/revisions"}],"predecessor-version":[{"id":870,"href":"https:\/\/www.p-l-c.eu\/en\/wp-json\/wp\/v2\/pages\/333\/revisions\/870"}],"wp:attachment":[{"href":"https:\/\/www.p-l-c.eu\/en\/wp-json\/wp\/v2\/media?parent=333"}],"curies":[{"name":"wp","href":"https:\/\/api.w.org\/{rel}","templated":true}]}}